{"id":50279,"date":"2017-12-12T16:47:43","date_gmt":"2017-12-12T16:47:43","guid":{"rendered":"https:\/\/agromoto.hr\/trgovina\/uncategorized\/cijev-goriva-silikon-o-25-x-1-m\/"},"modified":"2026-03-05T14:23:39","modified_gmt":"2026-03-05T13:23:39","slug":"fuel-hose-o25x5mm-silicone-1m","status":"publish","type":"product","link":"https:\/\/agromoto.hr\/en\/trgovina\/chainsaw-spare-parts\/fuel-and-oil-lines\/fuel-hose-o25x5mm-silicone-1m\/","title":{"rendered":"Fuel hose \u00d82,5x5mm silicone 1m"},"content":{"rendered":"<p><strong>inner \u00d8 2.5mm<\/strong><br \/>\n<strong>external \u00d8 5mm<\/strong><\/p>\n<p><strong>the price is for 1 meter<\/strong><br \/>\n<strong>~PROFESSIONAL QUALITY~<\/strong><\/p>\n","protected":false},"excerpt":{"rendered":"<p>inner \u00d8 2.5mm external \u00d8 5mm the price is for 1 &#8230; <\/p>\n","protected":false},"featured_media":50272,"template":"","meta":[],"product_cat":[2613],"product_tag":[4587],"class_list":{"0":"post-50279","1":"product","2":"type-product","3":"status-publish","4":"has-post-thumbnail","6":"product_cat-fuel-and-oil-lines","7":"product_tag-cijev-goriva-silikon-en","9":"first","10":"instock","11":"taxable","12":"shipping-taxable","13":"purchasable","14":"product-type-simple"},"yoast_head":"<!-- This site is optimized with the Yoast SEO plugin v23.8 - https:\/\/yoast.com\/wordpress\/plugins\/seo\/ -->\n<title>Fuel hose \u00d82,5x5mm silicone 1m - Agro Moto<\/title>\n<meta name=\"description\" content=\"inner \u00d8 2.5mm external \u00d8 5mm the price is for 1 meter ~PROFESSIONAL QUALITY~\" \/>\n<meta name=\"robots\" content=\"index, follow, max-snippet:-1, max-image-preview:large, max-video-preview:-1\" \/>\n<link rel=\"canonical\" href=\"https:\/\/agromoto.hr\/en\/trgovina\/chainsaw-spare-parts\/fuel-and-oil-lines\/fuel-hose-o25x5mm-silicone-1m\/\" \/>\n<meta property=\"og:locale\" content=\"en_US\" \/>\n<meta property=\"og:type\" content=\"article\" \/>\n<meta property=\"og:title\" content=\"Fuel hose \u00d82,5x5mm silicone 1m - Agro Moto\" \/>\n<meta property=\"og:description\" content=\"inner \u00d8 2.5mm external \u00d8 5mm the price is for 1 meter ~PROFESSIONAL QUALITY~\" \/>\n<meta property=\"og:url\" content=\"https:\/\/agromoto.hr\/en\/trgovina\/chainsaw-spare-parts\/fuel-and-oil-lines\/fuel-hose-o25x5mm-silicone-1m\/\" \/>\n<meta property=\"og:site_name\" content=\"Agro Moto\" \/>\n<meta property=\"article:modified_time\" content=\"2026-03-05T13:23:39+00:00\" \/>\n<meta property=\"og:image\" content=\"https:\/\/agromoto.hr\/wp-content\/uploads\/2017\/12\/Cijev_silikon1.jpg\" \/>\n\t<meta property=\"og:image:width\" content=\"800\" \/>\n\t<meta property=\"og:image:height\" content=\"640\" \/>\n\t<meta property=\"og:image:type\" content=\"image\/jpeg\" \/>\n<meta name=\"twitter:card\" content=\"summary_large_image\" \/>\n<meta name=\"twitter:label1\" content=\"Est. reading time\" \/>\n\t<meta name=\"twitter:data1\" content=\"1 minute\" \/>\n<script type=\"application\/ld+json\" class=\"yoast-schema-graph\">{\"@context\":\"https:\/\/schema.org\",\"@graph\":[{\"@type\":\"WebPage\",\"@id\":\"https:\/\/agromoto.hr\/en\/trgovina\/chainsaw-spare-parts\/fuel-and-oil-lines\/fuel-hose-o25x5mm-silicone-1m\/\",\"url\":\"https:\/\/agromoto.hr\/en\/trgovina\/chainsaw-spare-parts\/fuel-and-oil-lines\/fuel-hose-o25x5mm-silicone-1m\/\",\"name\":\"Fuel hose \u00d82,5x5mm silicone 1m - Agro Moto\",\"isPartOf\":{\"@id\":\"https:\/\/agromoto.hr\/#website\"},\"primaryImageOfPage\":{\"@id\":\"https:\/\/agromoto.hr\/en\/trgovina\/chainsaw-spare-parts\/fuel-and-oil-lines\/fuel-hose-o25x5mm-silicone-1m\/#primaryimage\"},\"image\":{\"@id\":\"https:\/\/agromoto.hr\/en\/trgovina\/chainsaw-spare-parts\/fuel-and-oil-lines\/fuel-hose-o25x5mm-silicone-1m\/#primaryimage\"},\"thumbnailUrl\":\"https:\/\/agromoto.hr\/wp-content\/uploads\/2017\/12\/Cijev_silikon1.jpg\",\"datePublished\":\"2017-12-12T16:47:43+00:00\",\"dateModified\":\"2026-03-05T13:23:39+00:00\",\"description\":\"inner \u00d8 2.5mm external \u00d8 5mm the price is for 1 meter ~PROFESSIONAL QUALITY~\",\"breadcrumb\":{\"@id\":\"https:\/\/agromoto.hr\/en\/trgovina\/chainsaw-spare-parts\/fuel-and-oil-lines\/fuel-hose-o25x5mm-silicone-1m\/#breadcrumb\"},\"inLanguage\":\"en-US\",\"potentialAction\":[{\"@type\":\"ReadAction\",\"target\":[\"https:\/\/agromoto.hr\/en\/trgovina\/chainsaw-spare-parts\/fuel-and-oil-lines\/fuel-hose-o25x5mm-silicone-1m\/\"]}]},{\"@type\":\"ImageObject\",\"inLanguage\":\"en-US\",\"@id\":\"https:\/\/agromoto.hr\/en\/trgovina\/chainsaw-spare-parts\/fuel-and-oil-lines\/fuel-hose-o25x5mm-silicone-1m\/#primaryimage\",\"url\":\"https:\/\/agromoto.hr\/wp-content\/uploads\/2017\/12\/Cijev_silikon1.jpg\",\"contentUrl\":\"https:\/\/agromoto.hr\/wp-content\/uploads\/2017\/12\/Cijev_silikon1.jpg\",\"width\":800,\"height\":640},{\"@type\":\"BreadcrumbList\",\"@id\":\"https:\/\/agromoto.hr\/en\/trgovina\/chainsaw-spare-parts\/fuel-and-oil-lines\/fuel-hose-o25x5mm-silicone-1m\/#breadcrumb\",\"itemListElement\":[{\"@type\":\"ListItem\",\"position\":1,\"name\":\"Po\u010detna stranica\",\"item\":\"https:\/\/agromoto.hr\/\"},{\"@type\":\"ListItem\",\"position\":2,\"name\":\"Shop\",\"item\":\"https:\/\/agromoto.hr\/en\/trgovina\/\"},{\"@type\":\"ListItem\",\"position\":3,\"name\":\"Fuel hose \u00d82,5x5mm silicone 1m\"}]},{\"@type\":\"WebSite\",\"@id\":\"https:\/\/agromoto.hr\/#website\",\"url\":\"https:\/\/agromoto.hr\/\",\"name\":\"Agro Moto web shop\",\"description\":\"Web Shop\",\"potentialAction\":[{\"@type\":\"SearchAction\",\"target\":{\"@type\":\"EntryPoint\",\"urlTemplate\":\"https:\/\/agromoto.hr\/?s={search_term_string}\"},\"query-input\":{\"@type\":\"PropertyValueSpecification\",\"valueRequired\":true,\"valueName\":\"search_term_string\"}}],\"inLanguage\":\"en-US\"}]}<\/script>\n<!-- \/ Yoast SEO plugin. -->","yoast_head_json":{"title":"Fuel hose \u00d82,5x5mm silicone 1m - Agro Moto","description":"inner \u00d8 2.5mm external \u00d8 5mm the price is for 1 meter ~PROFESSIONAL QUALITY~","robots":{"index":"index","follow":"follow","max-snippet":"max-snippet:-1","max-image-preview":"max-image-preview:large","max-video-preview":"max-video-preview:-1"},"canonical":"https:\/\/agromoto.hr\/en\/trgovina\/chainsaw-spare-parts\/fuel-and-oil-lines\/fuel-hose-o25x5mm-silicone-1m\/","og_locale":"en_US","og_type":"article","og_title":"Fuel hose \u00d82,5x5mm silicone 1m - Agro Moto","og_description":"inner \u00d8 2.5mm external \u00d8 5mm the price is for 1 meter ~PROFESSIONAL QUALITY~","og_url":"https:\/\/agromoto.hr\/en\/trgovina\/chainsaw-spare-parts\/fuel-and-oil-lines\/fuel-hose-o25x5mm-silicone-1m\/","og_site_name":"Agro Moto","article_modified_time":"2026-03-05T13:23:39+00:00","og_image":[{"width":800,"height":640,"url":"https:\/\/agromoto.hr\/wp-content\/uploads\/2017\/12\/Cijev_silikon1.jpg","type":"image\/jpeg"}],"twitter_card":"summary_large_image","twitter_misc":{"Est. reading time":"1 minute"},"schema":{"@context":"https:\/\/schema.org","@graph":[{"@type":"WebPage","@id":"https:\/\/agromoto.hr\/en\/trgovina\/chainsaw-spare-parts\/fuel-and-oil-lines\/fuel-hose-o25x5mm-silicone-1m\/","url":"https:\/\/agromoto.hr\/en\/trgovina\/chainsaw-spare-parts\/fuel-and-oil-lines\/fuel-hose-o25x5mm-silicone-1m\/","name":"Fuel hose \u00d82,5x5mm silicone 1m - Agro Moto","isPartOf":{"@id":"https:\/\/agromoto.hr\/#website"},"primaryImageOfPage":{"@id":"https:\/\/agromoto.hr\/en\/trgovina\/chainsaw-spare-parts\/fuel-and-oil-lines\/fuel-hose-o25x5mm-silicone-1m\/#primaryimage"},"image":{"@id":"https:\/\/agromoto.hr\/en\/trgovina\/chainsaw-spare-parts\/fuel-and-oil-lines\/fuel-hose-o25x5mm-silicone-1m\/#primaryimage"},"thumbnailUrl":"https:\/\/agromoto.hr\/wp-content\/uploads\/2017\/12\/Cijev_silikon1.jpg","datePublished":"2017-12-12T16:47:43+00:00","dateModified":"2026-03-05T13:23:39+00:00","description":"inner \u00d8 2.5mm external \u00d8 5mm the price is for 1 meter ~PROFESSIONAL QUALITY~","breadcrumb":{"@id":"https:\/\/agromoto.hr\/en\/trgovina\/chainsaw-spare-parts\/fuel-and-oil-lines\/fuel-hose-o25x5mm-silicone-1m\/#breadcrumb"},"inLanguage":"en-US","potentialAction":[{"@type":"ReadAction","target":["https:\/\/agromoto.hr\/en\/trgovina\/chainsaw-spare-parts\/fuel-and-oil-lines\/fuel-hose-o25x5mm-silicone-1m\/"]}]},{"@type":"ImageObject","inLanguage":"en-US","@id":"https:\/\/agromoto.hr\/en\/trgovina\/chainsaw-spare-parts\/fuel-and-oil-lines\/fuel-hose-o25x5mm-silicone-1m\/#primaryimage","url":"https:\/\/agromoto.hr\/wp-content\/uploads\/2017\/12\/Cijev_silikon1.jpg","contentUrl":"https:\/\/agromoto.hr\/wp-content\/uploads\/2017\/12\/Cijev_silikon1.jpg","width":800,"height":640},{"@type":"BreadcrumbList","@id":"https:\/\/agromoto.hr\/en\/trgovina\/chainsaw-spare-parts\/fuel-and-oil-lines\/fuel-hose-o25x5mm-silicone-1m\/#breadcrumb","itemListElement":[{"@type":"ListItem","position":1,"name":"Po\u010detna stranica","item":"https:\/\/agromoto.hr\/"},{"@type":"ListItem","position":2,"name":"Shop","item":"https:\/\/agromoto.hr\/en\/trgovina\/"},{"@type":"ListItem","position":3,"name":"Fuel hose \u00d82,5x5mm silicone 1m"}]},{"@type":"WebSite","@id":"https:\/\/agromoto.hr\/#website","url":"https:\/\/agromoto.hr\/","name":"Agro Moto web shop","description":"Web Shop","potentialAction":[{"@type":"SearchAction","target":{"@type":"EntryPoint","urlTemplate":"https:\/\/agromoto.hr\/?s={search_term_string}"},"query-input":{"@type":"PropertyValueSpecification","valueRequired":true,"valueName":"search_term_string"}}],"inLanguage":"en-US"}]}},"_links":{"self":[{"href":"https:\/\/agromoto.hr\/en\/wp-json\/wp\/v2\/product\/50279","targetHints":{"allow":["GET"]}}],"collection":[{"href":"https:\/\/agromoto.hr\/en\/wp-json\/wp\/v2\/product"}],"about":[{"href":"https:\/\/agromoto.hr\/en\/wp-json\/wp\/v2\/types\/product"}],"wp:featuredmedia":[{"embeddable":true,"href":"https:\/\/agromoto.hr\/en\/wp-json\/wp\/v2\/media\/50272"}],"wp:attachment":[{"href":"https:\/\/agromoto.hr\/en\/wp-json\/wp\/v2\/media?parent=50279"}],"wp:term":[{"taxonomy":"product_cat","embeddable":true,"href":"https:\/\/agromoto.hr\/en\/wp-json\/wp\/v2\/product_cat?post=50279"},{"taxonomy":"product_tag","embeddable":true,"href":"https:\/\/agromoto.hr\/en\/wp-json\/wp\/v2\/product_tag?post=50279"}],"curies":[{"name":"wp","href":"https:\/\/api.w.org\/{rel}","templated":true}]}}