{"id":61299,"date":"2023-02-28T07:23:16","date_gmt":"2023-02-28T06:23:16","guid":{"rendered":"https:\/\/agromoto.hr\/trgovina\/uncategorized\/lancanik-echo-cs3600-cs3900\/"},"modified":"2025-02-18T12:33:30","modified_gmt":"2025-02-18T11:33:30","slug":"sprocket-echo-cs3600-cs3900","status":"publish","type":"product","link":"https:\/\/agromoto.hr\/en\/trgovina\/guide-bars-chain-sprockets-sprocket-rings-chains-file-saws\/chain-sprockets\/sprocket-echo-cs3600-cs3900\/","title":{"rendered":"Sprocket ECHO CS3600, CS3900"},"content":{"rendered":"<p><strong>ECHO CS3600, CS3900, CS4400, CS5100, CS440, 400, 450<\/strong><br \/>\n<strong>rim 325\u2033 7t<\/strong><br \/>\n<strong>hole \u00d813.7mm<\/strong><br \/>\n<strong>inner diameter \u00d869.7mm<\/strong><br \/>\n<strong>bearing 13.7\u00d710.4\u00d79.6mm<\/strong><br \/>\n<strong>A556000020<\/strong><\/p>\n","protected":false},"excerpt":{"rendered":"<p>ECHO CS3600, CS3900, CS4400, CS5100, CS440, 400, 450 rim 325\u2033 7t &#8230; <\/p>\n","protected":false},"featured_media":61296,"template":"","meta":[],"product_cat":[2656],"product_tag":[],"class_list":{"0":"post-61299","1":"product","2":"type-product","3":"status-publish","4":"has-post-thumbnail","6":"product_cat-chain-sprockets","8":"first","9":"instock","10":"taxable","11":"shipping-taxable","12":"purchasable","13":"product-type-simple"},"yoast_head":"<!-- This site is optimized with the Yoast SEO plugin v23.8 - https:\/\/yoast.com\/wordpress\/plugins\/seo\/ -->\n<title>Sprocket ECHO CS3600, CS3900 - Agro Moto<\/title>\n<meta name=\"description\" content=\"ECHO CS3600, CS3900, CS4400, CS5100, CS440, 400, 450 rim 325\u2033 7t hole \u00d813.7mm inner diameter \u00d869.7mm bearing 13.7\u00d710.4\u00d79.6mm A556000020\" \/>\n<meta name=\"robots\" content=\"index, follow, max-snippet:-1, max-image-preview:large, max-video-preview:-1\" \/>\n<link rel=\"canonical\" href=\"https:\/\/agromoto.hr\/en\/trgovina\/guide-bars-chain-sprockets-sprocket-rings-chains-file-saws\/chain-sprockets\/sprocket-echo-cs3600-cs3900\/\" \/>\n<meta property=\"og:locale\" content=\"en_US\" \/>\n<meta property=\"og:type\" content=\"article\" \/>\n<meta property=\"og:title\" content=\"Sprocket ECHO CS3600, CS3900 - Agro Moto\" \/>\n<meta property=\"og:description\" content=\"ECHO CS3600, CS3900, CS4400, CS5100, CS440, 400, 450 rim 325\u2033 7t hole \u00d813.7mm inner diameter \u00d869.7mm bearing 13.7\u00d710.4\u00d79.6mm A556000020\" \/>\n<meta property=\"og:url\" content=\"https:\/\/agromoto.hr\/en\/trgovina\/guide-bars-chain-sprockets-sprocket-rings-chains-file-saws\/chain-sprockets\/sprocket-echo-cs3600-cs3900\/\" \/>\n<meta property=\"og:site_name\" content=\"Agro Moto\" \/>\n<meta property=\"article:modified_time\" content=\"2025-02-18T11:33:30+00:00\" \/>\n<meta property=\"og:image\" content=\"https:\/\/agromoto.hr\/wp-content\/uploads\/2023\/02\/EC206-J7N.jpg\" \/>\n\t<meta property=\"og:image:width\" content=\"1000\" \/>\n\t<meta property=\"og:image:height\" content=\"800\" \/>\n\t<meta property=\"og:image:type\" content=\"image\/jpeg\" \/>\n<meta name=\"twitter:card\" content=\"summary_large_image\" \/>\n<meta name=\"twitter:label1\" content=\"Est. reading time\" \/>\n\t<meta name=\"twitter:data1\" content=\"1 minute\" \/>\n<script type=\"application\/ld+json\" class=\"yoast-schema-graph\">{\"@context\":\"https:\/\/schema.org\",\"@graph\":[{\"@type\":\"WebPage\",\"@id\":\"https:\/\/agromoto.hr\/en\/trgovina\/guide-bars-chain-sprockets-sprocket-rings-chains-file-saws\/chain-sprockets\/sprocket-echo-cs3600-cs3900\/\",\"url\":\"https:\/\/agromoto.hr\/en\/trgovina\/guide-bars-chain-sprockets-sprocket-rings-chains-file-saws\/chain-sprockets\/sprocket-echo-cs3600-cs3900\/\",\"name\":\"Sprocket ECHO CS3600, CS3900 - Agro Moto\",\"isPartOf\":{\"@id\":\"https:\/\/agromoto.hr\/#website\"},\"primaryImageOfPage\":{\"@id\":\"https:\/\/agromoto.hr\/en\/trgovina\/guide-bars-chain-sprockets-sprocket-rings-chains-file-saws\/chain-sprockets\/sprocket-echo-cs3600-cs3900\/#primaryimage\"},\"image\":{\"@id\":\"https:\/\/agromoto.hr\/en\/trgovina\/guide-bars-chain-sprockets-sprocket-rings-chains-file-saws\/chain-sprockets\/sprocket-echo-cs3600-cs3900\/#primaryimage\"},\"thumbnailUrl\":\"https:\/\/agromoto.hr\/wp-content\/uploads\/2023\/02\/EC206-J7N.jpg\",\"datePublished\":\"2023-02-28T06:23:16+00:00\",\"dateModified\":\"2025-02-18T11:33:30+00:00\",\"description\":\"ECHO CS3600, CS3900, CS4400, CS5100, CS440, 400, 450 rim 325\u2033 7t hole \u00d813.7mm inner diameter \u00d869.7mm bearing 13.7\u00d710.4\u00d79.6mm A556000020\",\"breadcrumb\":{\"@id\":\"https:\/\/agromoto.hr\/en\/trgovina\/guide-bars-chain-sprockets-sprocket-rings-chains-file-saws\/chain-sprockets\/sprocket-echo-cs3600-cs3900\/#breadcrumb\"},\"inLanguage\":\"en-US\",\"potentialAction\":[{\"@type\":\"ReadAction\",\"target\":[\"https:\/\/agromoto.hr\/en\/trgovina\/guide-bars-chain-sprockets-sprocket-rings-chains-file-saws\/chain-sprockets\/sprocket-echo-cs3600-cs3900\/\"]}]},{\"@type\":\"ImageObject\",\"inLanguage\":\"en-US\",\"@id\":\"https:\/\/agromoto.hr\/en\/trgovina\/guide-bars-chain-sprockets-sprocket-rings-chains-file-saws\/chain-sprockets\/sprocket-echo-cs3600-cs3900\/#primaryimage\",\"url\":\"https:\/\/agromoto.hr\/wp-content\/uploads\/2023\/02\/EC206-J7N.jpg\",\"contentUrl\":\"https:\/\/agromoto.hr\/wp-content\/uploads\/2023\/02\/EC206-J7N.jpg\",\"width\":1000,\"height\":800,\"caption\":\"SONY DSC\"},{\"@type\":\"BreadcrumbList\",\"@id\":\"https:\/\/agromoto.hr\/en\/trgovina\/guide-bars-chain-sprockets-sprocket-rings-chains-file-saws\/chain-sprockets\/sprocket-echo-cs3600-cs3900\/#breadcrumb\",\"itemListElement\":[{\"@type\":\"ListItem\",\"position\":1,\"name\":\"Po\u010detna stranica\",\"item\":\"https:\/\/agromoto.hr\/\"},{\"@type\":\"ListItem\",\"position\":2,\"name\":\"Shop\",\"item\":\"https:\/\/agromoto.hr\/en\/trgovina\/\"},{\"@type\":\"ListItem\",\"position\":3,\"name\":\"Sprocket ECHO CS3600, CS3900\"}]},{\"@type\":\"WebSite\",\"@id\":\"https:\/\/agromoto.hr\/#website\",\"url\":\"https:\/\/agromoto.hr\/\",\"name\":\"Agro Moto web shop\",\"description\":\"Web Shop\",\"potentialAction\":[{\"@type\":\"SearchAction\",\"target\":{\"@type\":\"EntryPoint\",\"urlTemplate\":\"https:\/\/agromoto.hr\/?s={search_term_string}\"},\"query-input\":{\"@type\":\"PropertyValueSpecification\",\"valueRequired\":true,\"valueName\":\"search_term_string\"}}],\"inLanguage\":\"en-US\"}]}<\/script>\n<!-- \/ Yoast SEO plugin. -->","yoast_head_json":{"title":"Sprocket ECHO CS3600, CS3900 - Agro Moto","description":"ECHO CS3600, CS3900, CS4400, CS5100, CS440, 400, 450 rim 325\u2033 7t hole \u00d813.7mm inner diameter \u00d869.7mm bearing 13.7\u00d710.4\u00d79.6mm A556000020","robots":{"index":"index","follow":"follow","max-snippet":"max-snippet:-1","max-image-preview":"max-image-preview:large","max-video-preview":"max-video-preview:-1"},"canonical":"https:\/\/agromoto.hr\/en\/trgovina\/guide-bars-chain-sprockets-sprocket-rings-chains-file-saws\/chain-sprockets\/sprocket-echo-cs3600-cs3900\/","og_locale":"en_US","og_type":"article","og_title":"Sprocket ECHO CS3600, CS3900 - Agro Moto","og_description":"ECHO CS3600, CS3900, CS4400, CS5100, CS440, 400, 450 rim 325\u2033 7t hole \u00d813.7mm inner diameter \u00d869.7mm bearing 13.7\u00d710.4\u00d79.6mm A556000020","og_url":"https:\/\/agromoto.hr\/en\/trgovina\/guide-bars-chain-sprockets-sprocket-rings-chains-file-saws\/chain-sprockets\/sprocket-echo-cs3600-cs3900\/","og_site_name":"Agro Moto","article_modified_time":"2025-02-18T11:33:30+00:00","og_image":[{"width":1000,"height":800,"url":"https:\/\/agromoto.hr\/wp-content\/uploads\/2023\/02\/EC206-J7N.jpg","type":"image\/jpeg"}],"twitter_card":"summary_large_image","twitter_misc":{"Est. reading time":"1 minute"},"schema":{"@context":"https:\/\/schema.org","@graph":[{"@type":"WebPage","@id":"https:\/\/agromoto.hr\/en\/trgovina\/guide-bars-chain-sprockets-sprocket-rings-chains-file-saws\/chain-sprockets\/sprocket-echo-cs3600-cs3900\/","url":"https:\/\/agromoto.hr\/en\/trgovina\/guide-bars-chain-sprockets-sprocket-rings-chains-file-saws\/chain-sprockets\/sprocket-echo-cs3600-cs3900\/","name":"Sprocket ECHO CS3600, CS3900 - Agro Moto","isPartOf":{"@id":"https:\/\/agromoto.hr\/#website"},"primaryImageOfPage":{"@id":"https:\/\/agromoto.hr\/en\/trgovina\/guide-bars-chain-sprockets-sprocket-rings-chains-file-saws\/chain-sprockets\/sprocket-echo-cs3600-cs3900\/#primaryimage"},"image":{"@id":"https:\/\/agromoto.hr\/en\/trgovina\/guide-bars-chain-sprockets-sprocket-rings-chains-file-saws\/chain-sprockets\/sprocket-echo-cs3600-cs3900\/#primaryimage"},"thumbnailUrl":"https:\/\/agromoto.hr\/wp-content\/uploads\/2023\/02\/EC206-J7N.jpg","datePublished":"2023-02-28T06:23:16+00:00","dateModified":"2025-02-18T11:33:30+00:00","description":"ECHO CS3600, CS3900, CS4400, CS5100, CS440, 400, 450 rim 325\u2033 7t hole \u00d813.7mm inner diameter \u00d869.7mm bearing 13.7\u00d710.4\u00d79.6mm A556000020","breadcrumb":{"@id":"https:\/\/agromoto.hr\/en\/trgovina\/guide-bars-chain-sprockets-sprocket-rings-chains-file-saws\/chain-sprockets\/sprocket-echo-cs3600-cs3900\/#breadcrumb"},"inLanguage":"en-US","potentialAction":[{"@type":"ReadAction","target":["https:\/\/agromoto.hr\/en\/trgovina\/guide-bars-chain-sprockets-sprocket-rings-chains-file-saws\/chain-sprockets\/sprocket-echo-cs3600-cs3900\/"]}]},{"@type":"ImageObject","inLanguage":"en-US","@id":"https:\/\/agromoto.hr\/en\/trgovina\/guide-bars-chain-sprockets-sprocket-rings-chains-file-saws\/chain-sprockets\/sprocket-echo-cs3600-cs3900\/#primaryimage","url":"https:\/\/agromoto.hr\/wp-content\/uploads\/2023\/02\/EC206-J7N.jpg","contentUrl":"https:\/\/agromoto.hr\/wp-content\/uploads\/2023\/02\/EC206-J7N.jpg","width":1000,"height":800,"caption":"SONY DSC"},{"@type":"BreadcrumbList","@id":"https:\/\/agromoto.hr\/en\/trgovina\/guide-bars-chain-sprockets-sprocket-rings-chains-file-saws\/chain-sprockets\/sprocket-echo-cs3600-cs3900\/#breadcrumb","itemListElement":[{"@type":"ListItem","position":1,"name":"Po\u010detna stranica","item":"https:\/\/agromoto.hr\/"},{"@type":"ListItem","position":2,"name":"Shop","item":"https:\/\/agromoto.hr\/en\/trgovina\/"},{"@type":"ListItem","position":3,"name":"Sprocket ECHO CS3600, CS3900"}]},{"@type":"WebSite","@id":"https:\/\/agromoto.hr\/#website","url":"https:\/\/agromoto.hr\/","name":"Agro Moto web shop","description":"Web Shop","potentialAction":[{"@type":"SearchAction","target":{"@type":"EntryPoint","urlTemplate":"https:\/\/agromoto.hr\/?s={search_term_string}"},"query-input":{"@type":"PropertyValueSpecification","valueRequired":true,"valueName":"search_term_string"}}],"inLanguage":"en-US"}]}},"_links":{"self":[{"href":"https:\/\/agromoto.hr\/en\/wp-json\/wp\/v2\/product\/61299","targetHints":{"allow":["GET"]}}],"collection":[{"href":"https:\/\/agromoto.hr\/en\/wp-json\/wp\/v2\/product"}],"about":[{"href":"https:\/\/agromoto.hr\/en\/wp-json\/wp\/v2\/types\/product"}],"wp:featuredmedia":[{"embeddable":true,"href":"https:\/\/agromoto.hr\/en\/wp-json\/wp\/v2\/media\/61296"}],"wp:attachment":[{"href":"https:\/\/agromoto.hr\/en\/wp-json\/wp\/v2\/media?parent=61299"}],"wp:term":[{"taxonomy":"product_cat","embeddable":true,"href":"https:\/\/agromoto.hr\/en\/wp-json\/wp\/v2\/product_cat?post=61299"},{"taxonomy":"product_tag","embeddable":true,"href":"https:\/\/agromoto.hr\/en\/wp-json\/wp\/v2\/product_tag?post=61299"}],"curies":[{"name":"wp","href":"https:\/\/api.w.org\/{rel}","templated":true}]}}