{"id":64007,"date":"2023-03-15T18:27:46","date_gmt":"2023-03-15T17:27:46","guid":{"rendered":"https:\/\/agromoto.hr\/trgovina\/uncategorized\/cilindar-i-klip-tomos-bt50-o38mm\/"},"modified":"2026-04-13T14:35:58","modified_gmt":"2026-04-13T12:35:58","slug":"cylinder-and-piston-set-tomos-bt50-o38mm","status":"publish","type":"product","link":"https:\/\/agromoto.hr\/en\/trgovina\/tomos-asortment\/pistons-piston-rings-cylinders-crankshafts\/cylinder-and-piston-set-tomos-bt50-o38mm\/","title":{"rendered":"Cylinder and piston set TOMOS BT50 \u00d838mm"},"content":{"rendered":"<p><strong>TOMOS BT50 \u00d838mm, piston pin \u00d812mm<\/strong><\/p>\n","protected":false},"excerpt":{"rendered":"<p>TOMOS BT50 \u00d838mm, piston pin \u00d812mm &#8230; <\/p>\n","protected":false},"featured_media":63352,"template":"","meta":[],"product_cat":[2642,2645],"product_tag":[],"class_list":{"0":"post-64007","1":"product","2":"type-product","3":"status-publish","4":"has-post-thumbnail","6":"product_cat-pistons-piston-rings-cylinders-crankshafts","7":"product_cat-tomos-apn-parts","9":"first","10":"instock","11":"taxable","12":"shipping-taxable","13":"purchasable","14":"product-type-simple"},"yoast_head":"<!-- This site is optimized with the Yoast SEO plugin v23.8 - https:\/\/yoast.com\/wordpress\/plugins\/seo\/ -->\n<title>Cylinder and piston set TOMOS BT50 \u00d838mm - Agro Moto<\/title>\n<meta name=\"description\" content=\"TOMOS BT50 \u00d838mm, piston pin \u00d812mm\" \/>\n<meta name=\"robots\" content=\"index, follow, max-snippet:-1, max-image-preview:large, max-video-preview:-1\" \/>\n<link rel=\"canonical\" href=\"https:\/\/agromoto.hr\/en\/trgovina\/tomos-asortment\/pistons-piston-rings-cylinders-crankshafts\/cylinder-and-piston-set-tomos-bt50-o38mm\/\" \/>\n<meta property=\"og:locale\" content=\"en_US\" \/>\n<meta property=\"og:type\" content=\"article\" \/>\n<meta property=\"og:title\" content=\"Cylinder and piston set TOMOS BT50 \u00d838mm - Agro Moto\" \/>\n<meta property=\"og:description\" content=\"TOMOS BT50 \u00d838mm, piston pin \u00d812mm\" \/>\n<meta property=\"og:url\" content=\"https:\/\/agromoto.hr\/en\/trgovina\/tomos-asortment\/pistons-piston-rings-cylinders-crankshafts\/cylinder-and-piston-set-tomos-bt50-o38mm\/\" \/>\n<meta property=\"og:site_name\" content=\"Agro Moto\" \/>\n<meta property=\"article:modified_time\" content=\"2026-04-13T12:35:58+00:00\" \/>\n<meta property=\"og:image\" content=\"https:\/\/agromoto.hr\/wp-content\/uploads\/2023\/03\/9262.jpg\" \/>\n\t<meta property=\"og:image:width\" content=\"1000\" \/>\n\t<meta property=\"og:image:height\" content=\"800\" \/>\n\t<meta property=\"og:image:type\" content=\"image\/jpeg\" \/>\n<meta name=\"twitter:card\" content=\"summary_large_image\" \/>\n<meta name=\"twitter:label1\" content=\"Est. reading time\" \/>\n\t<meta name=\"twitter:data1\" content=\"1 minute\" \/>\n<script type=\"application\/ld+json\" class=\"yoast-schema-graph\">{\"@context\":\"https:\/\/schema.org\",\"@graph\":[{\"@type\":\"WebPage\",\"@id\":\"https:\/\/agromoto.hr\/en\/trgovina\/tomos-asortment\/pistons-piston-rings-cylinders-crankshafts\/cylinder-and-piston-set-tomos-bt50-o38mm\/\",\"url\":\"https:\/\/agromoto.hr\/en\/trgovina\/tomos-asortment\/pistons-piston-rings-cylinders-crankshafts\/cylinder-and-piston-set-tomos-bt50-o38mm\/\",\"name\":\"Cylinder and piston set TOMOS BT50 \u00d838mm - Agro Moto\",\"isPartOf\":{\"@id\":\"https:\/\/agromoto.hr\/#website\"},\"primaryImageOfPage\":{\"@id\":\"https:\/\/agromoto.hr\/en\/trgovina\/tomos-asortment\/pistons-piston-rings-cylinders-crankshafts\/cylinder-and-piston-set-tomos-bt50-o38mm\/#primaryimage\"},\"image\":{\"@id\":\"https:\/\/agromoto.hr\/en\/trgovina\/tomos-asortment\/pistons-piston-rings-cylinders-crankshafts\/cylinder-and-piston-set-tomos-bt50-o38mm\/#primaryimage\"},\"thumbnailUrl\":\"https:\/\/agromoto.hr\/wp-content\/uploads\/2023\/03\/9262.jpg\",\"datePublished\":\"2023-03-15T17:27:46+00:00\",\"dateModified\":\"2026-04-13T12:35:58+00:00\",\"description\":\"TOMOS BT50 \u00d838mm, piston pin \u00d812mm\",\"breadcrumb\":{\"@id\":\"https:\/\/agromoto.hr\/en\/trgovina\/tomos-asortment\/pistons-piston-rings-cylinders-crankshafts\/cylinder-and-piston-set-tomos-bt50-o38mm\/#breadcrumb\"},\"inLanguage\":\"en-US\",\"potentialAction\":[{\"@type\":\"ReadAction\",\"target\":[\"https:\/\/agromoto.hr\/en\/trgovina\/tomos-asortment\/pistons-piston-rings-cylinders-crankshafts\/cylinder-and-piston-set-tomos-bt50-o38mm\/\"]}]},{\"@type\":\"ImageObject\",\"inLanguage\":\"en-US\",\"@id\":\"https:\/\/agromoto.hr\/en\/trgovina\/tomos-asortment\/pistons-piston-rings-cylinders-crankshafts\/cylinder-and-piston-set-tomos-bt50-o38mm\/#primaryimage\",\"url\":\"https:\/\/agromoto.hr\/wp-content\/uploads\/2023\/03\/9262.jpg\",\"contentUrl\":\"https:\/\/agromoto.hr\/wp-content\/uploads\/2023\/03\/9262.jpg\",\"width\":1000,\"height\":800,\"caption\":\"SONY DSC\"},{\"@type\":\"BreadcrumbList\",\"@id\":\"https:\/\/agromoto.hr\/en\/trgovina\/tomos-asortment\/pistons-piston-rings-cylinders-crankshafts\/cylinder-and-piston-set-tomos-bt50-o38mm\/#breadcrumb\",\"itemListElement\":[{\"@type\":\"ListItem\",\"position\":1,\"name\":\"Po\u010detna stranica\",\"item\":\"https:\/\/agromoto.hr\/\"},{\"@type\":\"ListItem\",\"position\":2,\"name\":\"Shop\",\"item\":\"https:\/\/agromoto.hr\/en\/trgovina\/\"},{\"@type\":\"ListItem\",\"position\":3,\"name\":\"Cylinder and piston set TOMOS BT50 \u00d838mm\"}]},{\"@type\":\"WebSite\",\"@id\":\"https:\/\/agromoto.hr\/#website\",\"url\":\"https:\/\/agromoto.hr\/\",\"name\":\"Agro Moto web shop\",\"description\":\"Web Shop\",\"potentialAction\":[{\"@type\":\"SearchAction\",\"target\":{\"@type\":\"EntryPoint\",\"urlTemplate\":\"https:\/\/agromoto.hr\/?s={search_term_string}\"},\"query-input\":{\"@type\":\"PropertyValueSpecification\",\"valueRequired\":true,\"valueName\":\"search_term_string\"}}],\"inLanguage\":\"en-US\"}]}<\/script>\n<!-- \/ Yoast SEO plugin. -->","yoast_head_json":{"title":"Cylinder and piston set TOMOS BT50 \u00d838mm - Agro Moto","description":"TOMOS BT50 \u00d838mm, piston pin \u00d812mm","robots":{"index":"index","follow":"follow","max-snippet":"max-snippet:-1","max-image-preview":"max-image-preview:large","max-video-preview":"max-video-preview:-1"},"canonical":"https:\/\/agromoto.hr\/en\/trgovina\/tomos-asortment\/pistons-piston-rings-cylinders-crankshafts\/cylinder-and-piston-set-tomos-bt50-o38mm\/","og_locale":"en_US","og_type":"article","og_title":"Cylinder and piston set TOMOS BT50 \u00d838mm - Agro Moto","og_description":"TOMOS BT50 \u00d838mm, piston pin \u00d812mm","og_url":"https:\/\/agromoto.hr\/en\/trgovina\/tomos-asortment\/pistons-piston-rings-cylinders-crankshafts\/cylinder-and-piston-set-tomos-bt50-o38mm\/","og_site_name":"Agro Moto","article_modified_time":"2026-04-13T12:35:58+00:00","og_image":[{"width":1000,"height":800,"url":"https:\/\/agromoto.hr\/wp-content\/uploads\/2023\/03\/9262.jpg","type":"image\/jpeg"}],"twitter_card":"summary_large_image","twitter_misc":{"Est. reading time":"1 minute"},"schema":{"@context":"https:\/\/schema.org","@graph":[{"@type":"WebPage","@id":"https:\/\/agromoto.hr\/en\/trgovina\/tomos-asortment\/pistons-piston-rings-cylinders-crankshafts\/cylinder-and-piston-set-tomos-bt50-o38mm\/","url":"https:\/\/agromoto.hr\/en\/trgovina\/tomos-asortment\/pistons-piston-rings-cylinders-crankshafts\/cylinder-and-piston-set-tomos-bt50-o38mm\/","name":"Cylinder and piston set TOMOS BT50 \u00d838mm - Agro Moto","isPartOf":{"@id":"https:\/\/agromoto.hr\/#website"},"primaryImageOfPage":{"@id":"https:\/\/agromoto.hr\/en\/trgovina\/tomos-asortment\/pistons-piston-rings-cylinders-crankshafts\/cylinder-and-piston-set-tomos-bt50-o38mm\/#primaryimage"},"image":{"@id":"https:\/\/agromoto.hr\/en\/trgovina\/tomos-asortment\/pistons-piston-rings-cylinders-crankshafts\/cylinder-and-piston-set-tomos-bt50-o38mm\/#primaryimage"},"thumbnailUrl":"https:\/\/agromoto.hr\/wp-content\/uploads\/2023\/03\/9262.jpg","datePublished":"2023-03-15T17:27:46+00:00","dateModified":"2026-04-13T12:35:58+00:00","description":"TOMOS BT50 \u00d838mm, piston pin \u00d812mm","breadcrumb":{"@id":"https:\/\/agromoto.hr\/en\/trgovina\/tomos-asortment\/pistons-piston-rings-cylinders-crankshafts\/cylinder-and-piston-set-tomos-bt50-o38mm\/#breadcrumb"},"inLanguage":"en-US","potentialAction":[{"@type":"ReadAction","target":["https:\/\/agromoto.hr\/en\/trgovina\/tomos-asortment\/pistons-piston-rings-cylinders-crankshafts\/cylinder-and-piston-set-tomos-bt50-o38mm\/"]}]},{"@type":"ImageObject","inLanguage":"en-US","@id":"https:\/\/agromoto.hr\/en\/trgovina\/tomos-asortment\/pistons-piston-rings-cylinders-crankshafts\/cylinder-and-piston-set-tomos-bt50-o38mm\/#primaryimage","url":"https:\/\/agromoto.hr\/wp-content\/uploads\/2023\/03\/9262.jpg","contentUrl":"https:\/\/agromoto.hr\/wp-content\/uploads\/2023\/03\/9262.jpg","width":1000,"height":800,"caption":"SONY DSC"},{"@type":"BreadcrumbList","@id":"https:\/\/agromoto.hr\/en\/trgovina\/tomos-asortment\/pistons-piston-rings-cylinders-crankshafts\/cylinder-and-piston-set-tomos-bt50-o38mm\/#breadcrumb","itemListElement":[{"@type":"ListItem","position":1,"name":"Po\u010detna stranica","item":"https:\/\/agromoto.hr\/"},{"@type":"ListItem","position":2,"name":"Shop","item":"https:\/\/agromoto.hr\/en\/trgovina\/"},{"@type":"ListItem","position":3,"name":"Cylinder and piston set TOMOS BT50 \u00d838mm"}]},{"@type":"WebSite","@id":"https:\/\/agromoto.hr\/#website","url":"https:\/\/agromoto.hr\/","name":"Agro Moto web shop","description":"Web Shop","potentialAction":[{"@type":"SearchAction","target":{"@type":"EntryPoint","urlTemplate":"https:\/\/agromoto.hr\/?s={search_term_string}"},"query-input":{"@type":"PropertyValueSpecification","valueRequired":true,"valueName":"search_term_string"}}],"inLanguage":"en-US"}]}},"_links":{"self":[{"href":"https:\/\/agromoto.hr\/en\/wp-json\/wp\/v2\/product\/64007","targetHints":{"allow":["GET"]}}],"collection":[{"href":"https:\/\/agromoto.hr\/en\/wp-json\/wp\/v2\/product"}],"about":[{"href":"https:\/\/agromoto.hr\/en\/wp-json\/wp\/v2\/types\/product"}],"wp:featuredmedia":[{"embeddable":true,"href":"https:\/\/agromoto.hr\/en\/wp-json\/wp\/v2\/media\/63352"}],"wp:attachment":[{"href":"https:\/\/agromoto.hr\/en\/wp-json\/wp\/v2\/media?parent=64007"}],"wp:term":[{"taxonomy":"product_cat","embeddable":true,"href":"https:\/\/agromoto.hr\/en\/wp-json\/wp\/v2\/product_cat?post=64007"},{"taxonomy":"product_tag","embeddable":true,"href":"https:\/\/agromoto.hr\/en\/wp-json\/wp\/v2\/product_tag?post=64007"}],"curies":[{"name":"wp","href":"https:\/\/api.w.org\/{rel}","templated":true}]}}